{"id":294,"date":"2026-01-25T23:18:05","date_gmt":"2026-01-25T23:18:05","guid":{"rendered":"https:\/\/promigo.ee\/services\/"},"modified":"2026-01-25T23:18:42","modified_gmt":"2026-01-25T23:18:42","slug":"services","status":"publish","type":"page","link":"https:\/\/www.promigo.ee\/?page_id=294","title":{"rendered":"Services"},"content":{"rendered":"\n<div class=\"wp-block-uagb-container uagb-block-1e5d1737 alignfull uagb-is-root-container\"><div class=\"uagb-container-inner-blocks-wrap\">\n<div class=\"wp-block-uagb-advanced-heading uagb-block-fefbb553\"><p class=\"uagb-desc-text\">Teenused<\/p><h1 class=\"uagb-heading-text\">Kvaliteetsed ehitusteenused \u00fcle Eesti<\/h1><\/div>\n<\/div><\/div>\n\n\n\n<div class=\"wp-block-uagb-container uagb-block-4062d932 alignfull uagb-is-root-container\"><div class=\"uagb-container-inner-blocks-wrap\">\n<div class=\"wp-block-uagb-container uagb-block-188bf86b\">\n<div class=\"wp-block-uagb-image alignright uagb-block-a74814ac wp-block-uagb-image--layout-default wp-block-uagb-image--effect-static wp-block-uagb-image--align-right\"><figure class=\"wp-block-uagb-image__figure\"><img decoding=\"async\" srcset=\"https:\/\/promigo.ee\/wp-content\/uploads\/2026\/01\/IMG_20200206_083134.jpg ,https:\/\/promigo.ee\/wp-content\/uploads\/2026\/01\/IMG_20200206_083134.jpg 780w, https:\/\/promigo.ee\/wp-content\/uploads\/2026\/01\/IMG_20200206_083134.jpg 360w\" sizes=\"auto, (max-width: 480px) 150px\" src=\"https:\/\/promigo.ee\/wp-content\/uploads\/2026\/01\/IMG_20200206_083134.jpg\" alt=\"IMG 20200206 083134\" class=\"uag-image-20\" width=\"200\" height=\"150\" title=\"services-06\" loading=\"lazy\" role=\"img\"><\/figure><\/div>\n<\/div>\n\n\n\n<div class=\"wp-block-uagb-container uagb-block-58485396\">\n<div class=\"wp-block-uagb-info-box uagb-block-3ff6f0b3 uagb-infobox__content-wrap  uagb-infobox-icon-above-title uagb-infobox-image-valign-top\"><div class=\"uagb-ifb-content\"><div class=\"uagb-ifb-title-wrap\"><p class=\"uagb-ifb-title-prefix\">01<\/p><h2 class=\"uagb-ifb-title\">\u00dcldehitus<\/h2><\/div><p class=\"uagb-ifb-desc\">Meie \u00fcldehitusteenused h\u00f5lmavad kvaliteetset t\u00f6\u00f6tegemist alates planeerimisest kuni l\u00f5puleviimiseni, tagades, et need vastavad k\u00f5rgeimatele standarditele.<\/p><\/div><\/div>\n<\/div>\n<\/div><\/div>\n\n\n\n<div class=\"wp-block-uagb-container uagb-block-05e5b2eb alignfull uagb-is-root-container\"><div class=\"uagb-container-inner-blocks-wrap\">\n<div class=\"wp-block-uagb-container uagb-block-755ea4d6\">\n<div class=\"wp-block-uagb-info-box uagb-block-bcb052f7 uagb-infobox__content-wrap  uagb-infobox-icon-above-title uagb-infobox-image-valign-top\"><div class=\"uagb-ifb-content\"><div class=\"uagb-ifb-title-wrap\"><p class=\"uagb-ifb-title-prefix\">02<\/p><h2 class=\"uagb-ifb-title\">Katuset\u00f6\u00f6d<\/h2><\/div><p class=\"uagb-ifb-desc\">Meie kogenud meeskond pakub t\u00e4ielikke katuset\u00f6id, tagades, et teie katuse struktuur on usaldusv\u00e4\u00e4rne ja vastupidav, et kaitsta teie kodu elementide eest.<\/p><\/div><\/div>\n<\/div>\n\n\n\n<div class=\"wp-block-uagb-container uagb-block-948e30c7\">\n<div class=\"wp-block-uagb-image alignleft uagb-block-a936ccb9 wp-block-uagb-image--layout-default wp-block-uagb-image--effect-static wp-block-uagb-image--align-left\"><figure class=\"wp-block-uagb-image__figure\"><img decoding=\"async\" srcset=\"https:\/\/promigo.ee\/wp-content\/uploads\/2026\/01\/IMG_20191108_081519-scaled.jpg ,https:\/\/promigo.ee\/wp-content\/uploads\/2026\/01\/IMG_20191108_081519-scaled.jpg 780w, https:\/\/promigo.ee\/wp-content\/uploads\/2026\/01\/IMG_20191108_081519-scaled.jpg 360w\" sizes=\"auto, (max-width: 480px) 150px\" src=\"https:\/\/promigo.ee\/wp-content\/uploads\/2026\/01\/IMG_20191108_081519-scaled.jpg\" alt=\"IMG 20191108 081519 Scaled\" class=\"uag-image-24\" width=\"200\" height=\"150\" title=\"services-05\" loading=\"lazy\" role=\"img\"><\/figure><\/div>\n<\/div>\n<\/div><\/div>\n\n\n\n<div class=\"wp-block-uagb-container uagb-block-427e3d80 alignfull uagb-is-root-container\"><div class=\"uagb-container-inner-blocks-wrap\">\n<div class=\"wp-block-uagb-container uagb-block-c3a1ca4e\">\n<div class=\"wp-block-uagb-image alignright uagb-block-a6c3f1d7 wp-block-uagb-image--layout-default wp-block-uagb-image--effect-static wp-block-uagb-image--align-right\"><figure class=\"wp-block-uagb-image__figure\"><img decoding=\"async\" srcset=\"https:\/\/promigo.ee\/wp-content\/uploads\/2026\/01\/IMG_20210930_184145-scaled.jpg ,https:\/\/promigo.ee\/wp-content\/uploads\/2026\/01\/IMG_20210930_184145-scaled.jpg 780w, https:\/\/promigo.ee\/wp-content\/uploads\/2026\/01\/IMG_20210930_184145-scaled.jpg 360w\" sizes=\"auto, (max-width: 480px) 150px\" src=\"https:\/\/promigo.ee\/wp-content\/uploads\/2026\/01\/IMG_20210930_184145-scaled.jpg\" alt=\"IMG 20210930 184145 Scaled\" class=\"uag-image-21\" width=\"200\" height=\"150\" title=\"services-09\" loading=\"lazy\" role=\"img\"><\/figure><\/div>\n<\/div>\n\n\n\n<div class=\"wp-block-uagb-container uagb-block-05200bfc\">\n<div class=\"wp-block-uagb-info-box uagb-block-3050a6aa uagb-infobox__content-wrap  uagb-infobox-icon-above-title uagb-infobox-image-valign-top\"><div class=\"uagb-ifb-content\"><div class=\"uagb-ifb-title-wrap\"><p class=\"uagb-ifb-title-prefix\">03<\/p><h2 class=\"uagb-ifb-title\">Fassaadit\u00f6\u00f6d<\/h2><\/div><p class=\"uagb-ifb-desc\">Pakume professionaalset fassaadi renoveerimist ja viimistlust, kasutades parimaid materjale, et tagada pikaajaline kaitse ja esteetika.<\/p><\/div><\/div>\n<\/div>\n<\/div><\/div>\n\n\n\n<div class=\"wp-block-uagb-container uagb-block-fed8d4c1 alignfull uagb-is-root-container\"><div class=\"uagb-container-inner-blocks-wrap\">\n<div class=\"wp-block-uagb-container uagb-block-994dc640\">\n<div class=\"wp-block-uagb-info-box uagb-block-f1c692a0 uagb-infobox__content-wrap  uagb-infobox-icon-above-title uagb-infobox-image-valign-top\"><div class=\"uagb-ifb-content\"><div class=\"uagb-ifb-title-wrap\"><p class=\"uagb-ifb-title-prefix\">04<\/p><h2 class=\"uagb-ifb-title\">Siseviimistlust\u00f6\u00f6d<\/h2><\/div><p class=\"uagb-ifb-desc\">Meie siseviimistlust\u00f6\u00f6d h\u00f5lmavad k\u00f5ike, alates seinte v\u00e4rvimisest kuni p\u00f5randakatete paigalduse ja sanitaartehnika paigaldamiseni, et tagada mugav ja esteetiliselt meeldiv eluruum.<\/p><\/div><\/div>\n<\/div>\n\n\n\n<div class=\"wp-block-uagb-container uagb-block-1a028749\">\n<div class=\"wp-block-uagb-image alignleft uagb-block-ac037292 wp-block-uagb-image--layout-default wp-block-uagb-image--effect-static wp-block-uagb-image--align-left\"><figure class=\"wp-block-uagb-image__figure\"><img decoding=\"async\" srcset=\"https:\/\/promigo.ee\/wp-content\/uploads\/2026\/01\/IMG_20191101_161115-scaled.jpg ,https:\/\/promigo.ee\/wp-content\/uploads\/2026\/01\/IMG_20191101_161115-scaled.jpg 780w, https:\/\/promigo.ee\/wp-content\/uploads\/2026\/01\/IMG_20191101_161115-scaled.jpg 360w\" sizes=\"auto, (max-width: 480px) 150px\" src=\"https:\/\/promigo.ee\/wp-content\/uploads\/2026\/01\/IMG_20191101_161115-scaled.jpg\" alt=\"IMG 20191101 161115 Scaled\" class=\"uag-image-18\" width=\"200\" height=\"150\" title=\"services-10\" loading=\"lazy\" role=\"img\"><\/figure><\/div>\n<\/div>\n<\/div><\/div>\n\n\n\n<div class=\"wp-block-uagb-container uagb-block-2e144a4a alignfull uagb-is-root-container\"><div class=\"uagb-container-inner-blocks-wrap\">\n<div class=\"wp-block-uagb-info-box uagb-block-d62177b8 uagb-infobox__content-wrap  uagb-infobox-icon-above-title uagb-infobox-image-valign-top\"><div class=\"uagb-ifb-content\"><div class=\"uagb-ifb-title-wrap\"><p class=\"uagb-ifb-title-prefix\">\u00c4rge viivitage!<\/p><h2 class=\"uagb-ifb-title\">V\u00f5tke meiega \u00fchendust juba t\u00e4na!<\/h2><\/div><p class=\"uagb-ifb-desc\">K\u00fcsi pakkumist ja saa teada, kuidas saame aidata teie j\u00e4rgmise ehitusprojektiga.<\/p><div class=\"uagb-ifb-button-wrapper wp-block-button\"><a href=\"\/contact\/\" class=\"uagb-infobox-cta-link wp-block-button__link\" target=\"_self\" rel=\"noopener noreferrer\" onclick=\"return true;\"><span class=\"uagb-inline-editing\">K\u00fcsi pakkumist<\/span><\/a><\/div><\/div><\/div>\n<\/div><\/div>\n","protected":false},"excerpt":{"rendered":"<p>Teenused Kvaliteetsed ehitusteenused \u00fcle Eesti<\/p>\n","protected":false},"author":1,"featured_media":0,"parent":0,"menu_order":0,"comment_status":"closed","ping_status":"closed","template":"","meta":{"_uag_custom_page_level_css":"","site-sidebar-layout":"default","site-content-layout":"","ast-site-content-layout":"default","site-content-style":"default","site-sidebar-style":"default","ast-global-header-display":"","ast-banner-title-visibility":"","ast-main-header-display":"","ast-hfb-above-header-display":"","ast-hfb-below-header-display":"","ast-hfb-mobile-header-display":"","site-post-title":"disabled","ast-breadcrumbs-content":"","ast-featured-img":"","footer-sml-layout":"","ast-disable-related-posts":"","theme-transparent-header-meta":"","adv-header-id-meta":"","stick-header-meta":"","header-above-stick-meta":"","header-main-stick-meta":"","header-below-stick-meta":"","astra-migrate-meta-layouts":"default","ast-page-background-enabled":"default","ast-page-background-meta":{"desktop":{"background-color":"var(--ast-global-color-4)","background-image":"","background-repeat":"repeat","background-position":"center center","background-size":"auto","background-attachment":"scroll","background-type":"","background-media":"","overlay-type":"","overlay-color":"","overlay-opacity":"","overlay-gradient":""},"tablet":{"background-color":"","background-image":"","background-repeat":"repeat","background-position":"center center","background-size":"auto","background-attachment":"scroll","background-type":"","background-media":"","overlay-type":"","overlay-color":"","overlay-opacity":"","overlay-gradient":""},"mobile":{"background-color":"","background-image":"","background-repeat":"repeat","background-position":"center center","background-size":"auto","background-attachment":"scroll","background-type":"","background-media":"","overlay-type":"","overlay-color":"","overlay-opacity":"","overlay-gradient":""}},"ast-content-background-meta":{"desktop":{"background-color":"var(--ast-global-color-5)","background-image":"","background-repeat":"repeat","background-position":"center center","background-size":"auto","background-attachment":"scroll","background-type":"","background-media":"","overlay-type":"","overlay-color":"","overlay-opacity":"","overlay-gradient":""},"tablet":{"background-color":"var(--ast-global-color-5)","background-image":"","background-repeat":"repeat","background-position":"center center","background-size":"auto","background-attachment":"scroll","background-type":"","background-media":"","overlay-type":"","overlay-color":"","overlay-opacity":"","overlay-gradient":""},"mobile":{"background-color":"var(--ast-global-color-5)","background-image":"","background-repeat":"repeat","background-position":"center center","background-size":"auto","background-attachment":"scroll","background-type":"","background-media":"","overlay-type":"","overlay-color":"","overlay-opacity":"","overlay-gradient":""}},"footnotes":""},"class_list":["post-294","page","type-page","status-publish","hentry"],"uagb_featured_image_src":{"full":false,"thumbnail":false,"medium":false,"medium_large":false,"large":false,"1536x1536":false,"2048x2048":false},"uagb_author_info":{"display_name":"promigo","author_link":"https:\/\/www.promigo.ee\/?author=1"},"uagb_comment_info":0,"uagb_excerpt":"Teenused Kvaliteetsed ehitusteenused \u00fcle Eesti","_links":{"self":[{"href":"https:\/\/www.promigo.ee\/index.php?rest_route=\/wp\/v2\/pages\/294","targetHints":{"allow":["GET"]}}],"collection":[{"href":"https:\/\/www.promigo.ee\/index.php?rest_route=\/wp\/v2\/pages"}],"about":[{"href":"https:\/\/www.promigo.ee\/index.php?rest_route=\/wp\/v2\/types\/page"}],"author":[{"embeddable":true,"href":"https:\/\/www.promigo.ee\/index.php?rest_route=\/wp\/v2\/users\/1"}],"replies":[{"embeddable":true,"href":"https:\/\/www.promigo.ee\/index.php?rest_route=%2Fwp%2Fv2%2Fcomments&post=294"}],"version-history":[{"count":3,"href":"https:\/\/www.promigo.ee\/index.php?rest_route=\/wp\/v2\/pages\/294\/revisions"}],"predecessor-version":[{"id":1097,"href":"https:\/\/www.promigo.ee\/index.php?rest_route=\/wp\/v2\/pages\/294\/revisions\/1097"}],"wp:attachment":[{"href":"https:\/\/www.promigo.ee\/index.php?rest_route=%2Fwp%2Fv2%2Fmedia&parent=294"}],"curies":[{"name":"wp","href":"https:\/\/api.w.org\/{rel}","templated":true}]}}