{"id":292,"date":"2026-01-25T23:18:05","date_gmt":"2026-01-25T23:18:05","guid":{"rendered":"https:\/\/promigo.ee\/about\/"},"modified":"2026-01-25T23:18:42","modified_gmt":"2026-01-25T23:18:42","slug":"about","status":"publish","type":"page","link":"https:\/\/www.promigo.ee\/?page_id=292","title":{"rendered":"About"},"content":{"rendered":"\n<div class=\"wp-block-uagb-container uagb-block-1e5d1737 alignfull uagb-is-root-container\"><div class=\"uagb-container-inner-blocks-wrap\">\n<div class=\"wp-block-uagb-advanced-heading uagb-block-fefbb553\"><p class=\"uagb-desc-text\">Meist<\/p><h1 class=\"uagb-heading-text\">Kvaliteetsed ehitusteenused \u00fcle Eesti igasugustele klientidele<\/h1><\/div>\n<\/div><\/div>\n\n\n\n<div class=\"wp-block-uagb-container uagb-block-da6f24cd alignfull uagb-is-root-container\"><div class=\"uagb-container-inner-blocks-wrap\">\n<div class=\"wp-block-uagb-advanced-heading uagb-block-c8330bd6\"><p class=\"uagb-desc-text\">Kes me oleme<\/p><h2 class=\"uagb-heading-text\">Usaldusv\u00e4\u00e4rne partner ehitusturul alates 2013. aastast<\/h2><\/div>\n\n\n\n<div class=\"wp-block-uagb-container uagb-block-29c74af9\">\n<div class=\"wp-block-uagb-advanced-heading uagb-block-23c95072\"><h3 class=\"uagb-heading-text\">Kogenud meeskond ja kvaliteetsed teenused<\/h3><\/div>\n\n\n\n<div class=\"wp-block-uagb-advanced-heading uagb-block-af8e0f11\"><p class=\"uagb-heading-text\">Promigo O\u00dc on saavutanud klientide seas maine k\u00f5rge kvaliteedi poolest, pakkudes laias valikus ehitusteenuseid, mis rahuldavad isegi k\u00f5ige n\u00f5udlikumaid ootusi.<br><br>Meie kogenud meeskond on t\u00f6\u00f6tanud erinevates projektides Eestis, Soomes ja Rootsis, olles paindlikud ja professionaalsed igas \u00fclesandes. Kliendid usaldavad meid nii eramajade kui ka \u00e4rihoonete ehitamiseks.<br><\/p><p class=\"uagb-desc-text\">Meie eesm\u00e4rk on tagada t\u00e4ielik kliendirahulolu igas projektis.<\/p><\/div>\n<\/div>\n\n\n\n<div class=\"wp-block-uagb-container uagb-block-5e699a60\">\n<div class=\"wp-block-uagb-image uagb-block-5ef8454e wp-block-uagb-image--layout-default wp-block-uagb-image--effect-static wp-block-uagb-image--align-none\"><figure class=\"wp-block-uagb-image__figure\"><img decoding=\"async\" srcset=\"https:\/\/promigo.ee\/wp-content\/uploads\/2026\/01\/IMG_20190529_175822-scaled.jpg ,https:\/\/promigo.ee\/wp-content\/uploads\/2026\/01\/IMG_20190529_175822-scaled.jpg 780w, https:\/\/promigo.ee\/wp-content\/uploads\/2026\/01\/IMG_20190529_175822-scaled.jpg 360w\" sizes=\"auto, (max-width: 480px) 150px\" src=\"https:\/\/promigo.ee\/wp-content\/uploads\/2026\/01\/IMG_20190529_175822-scaled.jpg\" alt=\"IMG 20190529 175822 Scaled\" class=\"uag-image-16\" width=\"384\" height=\"250\" title=\"about-05\" loading=\"lazy\" role=\"img\"><\/figure><\/div>\n\n\n\n<div class=\"wp-block-uagb-image uagb-block-e9620e16 wp-block-uagb-image--layout-default wp-block-uagb-image--effect-static wp-block-uagb-image--align-none\"><figure class=\"wp-block-uagb-image__figure\"><img decoding=\"async\" srcset=\"https:\/\/promigo.ee\/wp-content\/uploads\/2026\/01\/492512084_1102725638328446_814107185322964581_n.jpg ,https:\/\/promigo.ee\/wp-content\/uploads\/2026\/01\/492512084_1102725638328446_814107185322964581_n.jpg 780w, https:\/\/promigo.ee\/wp-content\/uploads\/2026\/01\/492512084_1102725638328446_814107185322964581_n.jpg 360w\" sizes=\"auto, (max-width: 480px) 150px\" src=\"https:\/\/promigo.ee\/wp-content\/uploads\/2026\/01\/492512084_1102725638328446_814107185322964581_n.jpg\" alt=\"492512084 1102725638328446 814107185322964581 N\" class=\"uag-image-15\" width=\"384\" height=\"400\" title=\"about-06\" loading=\"lazy\" role=\"img\"><\/figure><\/div>\n\n\n\n<div class=\"wp-block-uagb-image uagb-block-65c00496 wp-block-uagb-image--layout-default wp-block-uagb-image--effect-static wp-block-uagb-image--align-none\"><figure class=\"wp-block-uagb-image__figure\"><img decoding=\"async\" srcset=\"https:\/\/promigo.ee\/wp-content\/uploads\/2026\/01\/20240612_172142-scaled.jpg ,https:\/\/promigo.ee\/wp-content\/uploads\/2026\/01\/20240612_172142-scaled.jpg 780w, https:\/\/promigo.ee\/wp-content\/uploads\/2026\/01\/20240612_172142-scaled.jpg 360w\" sizes=\"auto, (max-width: 480px) 150px\" src=\"https:\/\/promigo.ee\/wp-content\/uploads\/2026\/01\/20240612_172142-scaled.jpg\" alt=\"20240612 172142 Scaled\" class=\"uag-image-14\" width=\"384\" height=\"300\" title=\"about-07\" loading=\"lazy\" role=\"img\"><\/figure><\/div>\n<\/div>\n<\/div><\/div>\n\n\n\n<div class=\"wp-block-uagb-container uagb-block-4062d932 alignfull uagb-is-root-container\"><div class=\"uagb-container-inner-blocks-wrap\">\n<div class=\"wp-block-uagb-container uagb-block-58485396\">\n<div class=\"wp-block-uagb-info-box uagb-block-264f90e0 uagb-infobox__content-wrap  uagb-infobox-icon-above-title uagb-infobox-image-valign-top\"><div class=\"uagb-ifb-content\"><div class=\"uagb-ifb-title-wrap\"><p class=\"uagb-ifb-title-prefix\">Meie lugu<\/p><h2 class=\"uagb-ifb-title\">19 aastat kvaliteeti ja usaldusv\u00e4\u00e4rsust<\/h2><\/div><p class=\"uagb-ifb-desc\">Promigo O\u00dc asutati 2013. aastal, eesm\u00e4rgiga pakkuda k\u00f5rge kvaliteediga ehitusteenuseid. Meie inimesed on omandanud kogemused mitmetes projektides, mis on aidanud meil kasvatada tugevat mainet ehitusvaldkonnas.<br><br>Meie lugu on t\u00e4is v\u00e4ljakutseid, \u00f5ppimist ja pidevat arengut, et pakkuda parimat teenust meie klientidele, olenemata projekti suurusest ja keerukusest.<\/p><\/div><\/div>\n<\/div>\n\n\n\n<div class=\"wp-block-uagb-container uagb-block-188bf86b\">\n<div class=\"wp-block-uagb-image alignleft uagb-block-abfb380d wp-block-uagb-image--layout-default wp-block-uagb-image--effect-static wp-block-uagb-image--align-left\"><figure class=\"wp-block-uagb-image__figure\"><img decoding=\"async\" srcset=\"https:\/\/promigo.ee\/wp-content\/uploads\/2026\/01\/20240326_195839-scaled.jpg ,https:\/\/promigo.ee\/wp-content\/uploads\/2026\/01\/20240326_195839-scaled.jpg 780w, https:\/\/promigo.ee\/wp-content\/uploads\/2026\/01\/20240326_195839-scaled.jpg 360w\" sizes=\"auto, (max-width: 480px) 150px\" src=\"https:\/\/promigo.ee\/wp-content\/uploads\/2026\/01\/20240326_195839-scaled.jpg\" alt=\"20240326 195839 Scaled\" class=\"uag-image-11\" width=\"200\" height=\"200\" title=\"our-story-01\" loading=\"lazy\" role=\"img\"><\/figure><\/div>\n<\/div>\n<\/div><\/div>\n\n\n\n<div class=\"wp-block-uagb-container uagb-block-06d9ef36 alignfull uagb-is-root-container\"><div class=\"uagb-container-inner-blocks-wrap\">\n<div class=\"wp-block-uagb-advanced-heading uagb-block-6729a899\"><p class=\"uagb-desc-text\">Meie eesm\u00e4rgid<\/p><h2 class=\"uagb-heading-text\">Ehitame tulevikku kvaliteediga ja usaldusv\u00e4\u00e4rsusega<\/h2><\/div>\n\n\n\n<div class=\"wp-block-uagb-container uagb-block-6b106e3b\">\n<div class=\"wp-block-uagb-image alignright uagb-block-648952a5 wp-block-uagb-image--layout-default wp-block-uagb-image--effect-static wp-block-uagb-image--align-right\"><figure class=\"wp-block-uagb-image__figure\"><img decoding=\"async\" srcset=\"https:\/\/promigo.ee\/wp-content\/uploads\/2026\/01\/IMG_20200206_083134.jpg ,https:\/\/promigo.ee\/wp-content\/uploads\/2026\/01\/IMG_20200206_083134.jpg 780w, https:\/\/promigo.ee\/wp-content\/uploads\/2026\/01\/IMG_20200206_083134.jpg 360w\" sizes=\"auto, (max-width: 480px) 150px\" src=\"https:\/\/promigo.ee\/wp-content\/uploads\/2026\/01\/IMG_20200206_083134.jpg\" alt=\"IMG 20200206 083134\" class=\"uag-image-20\" width=\"200\" height=\"150\" title=\"mission-02\" loading=\"lazy\" role=\"img\"><\/figure><\/div>\n<\/div>\n\n\n\n<div class=\"wp-block-uagb-container uagb-block-096ff3fd\">\n<div class=\"wp-block-uagb-advanced-heading uagb-block-975cf9dc\"><h3 class=\"uagb-heading-text\">Missioon<\/h3><p class=\"uagb-desc-text\">Meie missioon on pakkuda Eestis parimaid ehitusteenuseid, mis rahuldavad klientide vajadusi ja ootusi, luues v\u00e4\u00e4rtust ja kvaliteeti iga projekti kaudu, millega me tegeleme.<\/p><div class=\"uagb-separator\"><\/div><\/div>\n\n\n\n<div class=\"wp-block-uagb-advanced-heading uagb-block-2a2e3b20\"><h3 class=\"uagb-heading-text\">Visioon<\/h3><p class=\"uagb-desc-text\">Meie visioon on olla juhtiv ehitusteenuste pakkuja Eestis, tuntud oma kvaliteedi ja usaldusv\u00e4\u00e4rsuse poolest, tugevdades meie positsiooni turul ja luues pikaajalisi suhteid klientidega.<\/p><\/div>\n<\/div>\n<\/div><\/div>\n\n\n\n<div class=\"wp-block-uagb-container uagb-block-2e144a4a alignfull uagb-is-root-container\"><div class=\"uagb-container-inner-blocks-wrap\">\n<div class=\"wp-block-uagb-info-box uagb-block-d62177b8 uagb-infobox__content-wrap  uagb-infobox-icon-above-title uagb-infobox-image-valign-top\"><div class=\"uagb-ifb-content\"><div class=\"uagb-ifb-title-wrap\"><p class=\"uagb-ifb-title-prefix\">\u00c4rge viivitage!<\/p><h2 class=\"uagb-ifb-title\">V\u00f5tke meiega \u00fchendust juba t\u00e4na!<\/h2><\/div><p class=\"uagb-ifb-desc\">K\u00fcsi pakkumist ja saa teada, kuidas saame aidata teie j\u00e4rgmise ehitusprojektiga.<\/p><div class=\"uagb-ifb-button-wrapper wp-block-button\"><a href=\"\/contact\/\" class=\"uagb-infobox-cta-link wp-block-button__link\" target=\"_self\" rel=\"noopener noreferrer\" onclick=\"return true;\"><span class=\"uagb-inline-editing\">K\u00fcsi pakkumist<\/span><\/a><\/div><\/div><\/div>\n<\/div><\/div>\n","protected":false},"excerpt":{"rendered":"<p>Meist Kvaliteetsed ehitusteenused \u00fcle Eesti igasugustele klientidele Kes me oleme Usaldusv\u00e4\u00e4rne partner ehitusturul alates 2013. aastast Kogenud meeskond ja kvaliteetsed [&hellip;]<\/p>\n","protected":false},"author":1,"featured_media":0,"parent":0,"menu_order":0,"comment_status":"closed","ping_status":"closed","template":"","meta":{"_uag_custom_page_level_css":"","site-sidebar-layout":"default","site-content-layout":"","ast-site-content-layout":"default","site-content-style":"default","site-sidebar-style":"default","ast-global-header-display":"","ast-banner-title-visibility":"","ast-main-header-display":"","ast-hfb-above-header-display":"","ast-hfb-below-header-display":"","ast-hfb-mobile-header-display":"","site-post-title":"disabled","ast-breadcrumbs-content":"","ast-featured-img":"","footer-sml-layout":"","ast-disable-related-posts":"","theme-transparent-header-meta":"","adv-header-id-meta":"","stick-header-meta":"","header-above-stick-meta":"","header-main-stick-meta":"","header-below-stick-meta":"","astra-migrate-meta-layouts":"default","ast-page-background-enabled":"default","ast-page-background-meta":{"desktop":{"background-color":"var(--ast-global-color-4)","background-image":"","background-repeat":"repeat","background-position":"center center","background-size":"auto","background-attachment":"scroll","background-type":"","background-media":"","overlay-type":"","overlay-color":"","overlay-opacity":"","overlay-gradient":""},"tablet":{"background-color":"","background-image":"","background-repeat":"repeat","background-position":"center center","background-size":"auto","background-attachment":"scroll","background-type":"","background-media":"","overlay-type":"","overlay-color":"","overlay-opacity":"","overlay-gradient":""},"mobile":{"background-color":"","background-image":"","background-repeat":"repeat","background-position":"center center","background-size":"auto","background-attachment":"scroll","background-type":"","background-media":"","overlay-type":"","overlay-color":"","overlay-opacity":"","overlay-gradient":""}},"ast-content-background-meta":{"desktop":{"background-color":"var(--ast-global-color-5)","background-image":"","background-repeat":"repeat","background-position":"center center","background-size":"auto","background-attachment":"scroll","background-type":"","background-media":"","overlay-type":"","overlay-color":"","overlay-opacity":"","overlay-gradient":""},"tablet":{"background-color":"var(--ast-global-color-5)","background-image":"","background-repeat":"repeat","background-position":"center center","background-size":"auto","background-attachment":"scroll","background-type":"","background-media":"","overlay-type":"","overlay-color":"","overlay-opacity":"","overlay-gradient":""},"mobile":{"background-color":"var(--ast-global-color-5)","background-image":"","background-repeat":"repeat","background-position":"center center","background-size":"auto","background-attachment":"scroll","background-type":"","background-media":"","overlay-type":"","overlay-color":"","overlay-opacity":"","overlay-gradient":""}},"footnotes":""},"class_list":["post-292","page","type-page","status-publish","hentry"],"uagb_featured_image_src":{"full":false,"thumbnail":false,"medium":false,"medium_large":false,"large":false,"1536x1536":false,"2048x2048":false},"uagb_author_info":{"display_name":"promigo","author_link":"https:\/\/www.promigo.ee\/?author=1"},"uagb_comment_info":0,"uagb_excerpt":"Meist Kvaliteetsed ehitusteenused \u00fcle Eesti igasugustele klientidele Kes me oleme Usaldusv\u00e4\u00e4rne partner ehitusturul alates 2013. aastast Kogenud meeskond ja kvaliteetsed [&hellip;]","_links":{"self":[{"href":"https:\/\/www.promigo.ee\/index.php?rest_route=\/wp\/v2\/pages\/292","targetHints":{"allow":["GET"]}}],"collection":[{"href":"https:\/\/www.promigo.ee\/index.php?rest_route=\/wp\/v2\/pages"}],"about":[{"href":"https:\/\/www.promigo.ee\/index.php?rest_route=\/wp\/v2\/types\/page"}],"author":[{"embeddable":true,"href":"https:\/\/www.promigo.ee\/index.php?rest_route=\/wp\/v2\/users\/1"}],"replies":[{"embeddable":true,"href":"https:\/\/www.promigo.ee\/index.php?rest_route=%2Fwp%2Fv2%2Fcomments&post=292"}],"version-history":[{"count":3,"href":"https:\/\/www.promigo.ee\/index.php?rest_route=\/wp\/v2\/pages\/292\/revisions"}],"predecessor-version":[{"id":1098,"href":"https:\/\/www.promigo.ee\/index.php?rest_route=\/wp\/v2\/pages\/292\/revisions\/1098"}],"wp:attachment":[{"href":"https:\/\/www.promigo.ee\/index.php?rest_route=%2Fwp%2Fv2%2Fmedia&parent=292"}],"curies":[{"name":"wp","href":"https:\/\/api.w.org\/{rel}","templated":true}]}}